{"id":41,"date":"2023-10-13T15:54:52","date_gmt":"2023-10-13T13:54:52","guid":{"rendered":"https:\/\/musikpsychologie.de\/en\/?page_id=41"},"modified":"2024-03-12T15:55:51","modified_gmt":"2024-03-12T14:55:51","slug":"archive","status":"publish","type":"page","link":"https:\/\/musikpsychologie.de\/en\/conference\/archive\/","title":{"rendered":"Conference Archive"},"content":{"rendered":"<p>The conference archive is currently under contruction in the german version of the website and will soon be available there. Since most of the material is available in german language only, the english version of the archive will be reduced to basic information on the conferences without the additional downloads of material.\u00a0<\/p>\n<p>Please switch to the german version for the entire content!<\/p>\n\n\n<div class=\"wp-block-buttons is-layout-flex wp-block-buttons-is-layout-flex\">\n<div class=\"wp-block-button\"><a class=\"wp-block-button__link wp-element-button\" href=\"https:\/\/musikpsychologie.de\/jahrestagung\/archiv\/\">Visit german version<\/a><\/div>\n<\/div>\n\n\n\n<div style=\"height:40px\" aria-hidden=\"true\" class=\"wp-block-spacer\"><\/div>\n\n\n\n<table id=\"tablepress-3\" class=\"tablepress tablepress-id-3\">\n<thead>\n<tr class=\"row-1 odd\">\n\t<th class=\"column-1\">Year<\/th><th class=\"column-2\">Number<\/th><th class=\"column-3\">Date<\/th><th class=\"column-4\">Location<\/th><th class=\"column-5\">Organizer<\/th><th class=\"column-6\">Title<\/th>\n<\/tr>\n<\/thead>\n<tbody class=\"row-hover\">\n<tr class=\"row-2 even\">\n\t<td class=\"column-1\">2024<br \/>\n<\/td><td class=\"column-2\">40th<br \/>\n<\/td><td class=\"column-3\">6.-8. Sep.<\/td><td class=\"column-4\">Munich<\/td><td class=\"column-5\">Nicolas Ruth &amp; Kristin Zickler<\/td><td class=\"column-6\">Digitalisierung in der Musikpsychologie<\/td>\n<\/tr>\n<tr class=\"row-3 odd\">\n\t<td class=\"column-1\">2023<\/td><td class=\"column-2\">39th<\/td><td class=\"column-3\">8.-10. Sep.<\/td><td class=\"column-4\">Hannover<\/td><td class=\"column-5\">Reinhard Kopiez &amp; Anna Wolf<\/td><td class=\"column-6\">Lebenswelt Musik<\/td>\n<\/tr>\n<tr class=\"row-4 even\">\n\t<td class=\"column-1\">2022<\/td><td class=\"column-2\">38th<\/td><td class=\"column-3\">2.-4. Sep.<\/td><td class=\"column-4\">W\u00fcrzburg, Institut Mensch-Computer-Medien der Julius-Maximilians-Universit\u00e4t<\/td><td class=\"column-5\">Holger Schramm, Ann-Kristin Herget &amp; Felix Thiesen<\/td><td class=\"column-6\">Die Psychologie der popul\u00e4ren Musik<\/td>\n<\/tr>\n<tr class=\"row-5 odd\">\n\t<td class=\"column-1\">2021<\/td><td class=\"column-2\">37th<\/td><td class=\"column-3\">2.-3. Sep.<\/td><td class=\"column-4\">Online<\/td><td class=\"column-5\">Michael Oehler, Clemens W\u00f6llner, Franziska Deg\u00e9, Anna Wolf &amp; J\u00f6rg M\u00fchlhans<\/td><td class=\"column-6\">Musik und soziale Verbundenheit<\/td>\n<\/tr>\n<tr class=\"row-6 even\">\n\t<td class=\"column-1\">2020<br \/>\n<\/td><td class=\"column-2\">36th<\/td><td class=\"column-3\">3.-6. Sep.<\/td><td class=\"column-4\">Online<\/td><td class=\"column-5\">Michael Oehler, Clemens W\u00f6llner, Franziska Deg\u00e9, Anna Wolf &amp; J\u00f6rg M\u00fchlhans<\/td><td class=\"column-6\">Virtual Poster Conference<\/td>\n<\/tr>\n<tr class=\"row-7 odd\">\n\t<td class=\"column-1\">2019<\/td><td class=\"column-2\">35th<\/td><td class=\"column-3\">6.-8. Sep.<\/td><td class=\"column-4\">Eichst\u00e4tt, Institut f\u00fcr Musikwissenschaft der KU-Eichst\u00e4tt-Ingolstadt<\/td><td class=\"column-5\">Kathrin Schlemmer<\/td><td class=\"column-6\">Kognitive Musikpsychologie<\/td>\n<\/tr>\n<tr class=\"row-8 even\">\n\t<td class=\"column-1\">2018<\/td><td class=\"column-2\">34th<\/td><td class=\"column-3\">7.-9. Sep.<\/td><td class=\"column-4\">Gie\u00dfen, Institut f\u00fcr Musikwissenschaft und Musikp\u00e4dagogik der Justus-Liebig-Universit\u00e4t<\/td><td class=\"column-5\">Claudia Bullerjahn<\/td><td class=\"column-6\">Musik im audiovisuellen Kontext<\/td>\n<\/tr>\n<tr class=\"row-9 odd\">\n\t<td class=\"column-1\">2017<\/td><td class=\"column-2\">33rd<\/td><td class=\"column-3\">15.-17. Sep.<\/td><td class=\"column-4\">Hamburg, Institut f\u00fcr Systematische Musikwissenschaft der Universit\u00e4t Hamburg<\/td><td class=\"column-5\">Clemens W\u00f6llner<\/td><td class=\"column-6\">Musik und Bewegung<\/td>\n<\/tr>\n<tr class=\"row-10 even\">\n\t<td class=\"column-1\">2016<\/td><td class=\"column-2\">32nd<\/td><td class=\"column-3\">9.-11. Sep.<\/td><td class=\"column-4\">Wien, Universit\u00e4tscampus<\/td><td class=\"column-5\">Christoph Reuter<\/td><td class=\"column-6\">Akustik und Musikalische H\u00f6rwahrnehmung<\/td>\n<\/tr>\n<tr class=\"row-11 odd\">\n\t<td class=\"column-1\">2015<\/td><td class=\"column-2\">31st<\/td><td class=\"column-3\">11.-13. Sep.<\/td><td class=\"column-4\">Oldenburg, Institut f\u00fcr Musik der Carl von Ossietzky Universit\u00e4t<\/td><td class=\"column-5\">Gunter Kreutz<\/td><td class=\"column-6\">Musik und Wohlbefinden<\/td>\n<\/tr>\n<tr class=\"row-12 even\">\n\t<td class=\"column-1\">2014<\/td><td class=\"column-2\">30th<\/td><td class=\"column-3\">12.-14. Sep.<\/td><td class=\"column-4\">Erlangen, Fraunhofer Institut f\u00fcr Integrierte Schaltungen<\/td><td class=\"column-5\">Frederik Nagel<\/td><td class=\"column-6\">Angewandte Musikpsychologie<\/td>\n<\/tr>\n<tr class=\"row-13 odd\">\n\t<td class=\"column-1\">2013<\/td><td class=\"column-2\">29th<\/td><td class=\"column-3\">6.-8. Sep.<\/td><td class=\"column-4\">Frankfurt, Institut f\u00fcr Musikp\u00e4dagogik der Hochschule f\u00fcr Musik und Darstellende Kunst<\/td><td class=\"column-5\">Maria Spychiger<\/td><td class=\"column-6\">Musik und Familie<\/td>\n<\/tr>\n<tr class=\"row-14 even\">\n\t<td class=\"column-1\">2012<\/td><td class=\"column-2\">28th<\/td><td class=\"column-3\">28.-30. Sep.<\/td><td class=\"column-4\">Bremen, Institut f\u00fcr Musikwissenschaft und Musikp\u00e4dagogik der Universit\u00e4t<\/td><td class=\"column-5\">Veronika Busch &amp; Clemens W\u00f6llner<\/td><td class=\"column-6\">Musik \u2013 Psychologie \u2013 P\u00e4dagogik<\/td>\n<\/tr>\n<tr class=\"row-15 odd\">\n\t<td class=\"column-1\">2011<\/td><td class=\"column-2\">27th<\/td><td class=\"column-3\">9.-11. Sep.<\/td><td class=\"column-4\">Osnabr\u00fcck, Schloss der Universit\u00e4t<\/td><td class=\"column-5\">Christoph Louven &amp; Franziska Olbertz<\/td><td class=\"column-6\">Musik und Gesundheit<\/td>\n<\/tr>\n<tr class=\"row-16 even\">\n\t<td class=\"column-1\">2010<\/td><td class=\"column-2\">26th<\/td><td class=\"column-3\">7.-10. Okt.<\/td><td class=\"column-4\">W\u00fcrzburg, Hochschule f\u00fcr Musik<\/td><td class=\"column-5\">Andreas C. Lehmann, Ariane Je\u00dfulat &amp; Christoph W\u00fcnsch<\/td><td class=\"column-6\">Kreativit\u00e4t &#8211; Struktur und Emotion<\/td>\n<\/tr>\n<tr class=\"row-17 odd\">\n\t<td class=\"column-1\">2009<\/td><td class=\"column-2\">25th<\/td><td class=\"column-3\">11.-13. Sep.<\/td><td class=\"column-4\">Kassel, Universit\u00e4t <\/td><td class=\"column-5\">Jan Hemming<\/td><td class=\"column-6\">Musikpsychologie und Popul\u00e4re Musik<\/td>\n<\/tr>\n<tr class=\"row-18 even\">\n\t<td class=\"column-1\">2008<\/td><td class=\"column-2\">24th<\/td><td class=\"column-3\">12.-14. Sep.<\/td><td class=\"column-4\">Hannover, Hochschule f\u00fcr Musik und Theater<\/td><td class=\"column-5\">Reinhard Kopiez<\/td><td class=\"column-6\">Musikpsychologie im Kontext<\/td>\n<\/tr>\n<tr class=\"row-19 odd\">\n\t<td class=\"column-1\">2007<\/td><td class=\"column-2\">23rd<\/td><td class=\"column-3\">14.-16. Sep.<\/td><td class=\"column-4\">Gie\u00dfen, Institut f\u00fcr Musikwissenschaft und Musikp\u00e4dagogik der Justus-Liebig-Universit\u00e4t<\/td><td class=\"column-5\">Claudia Bullerjahn &amp; Richard von Georgi<\/td><td class=\"column-6\">Musik und Identit\u00e4t<\/td>\n<\/tr>\n<tr class=\"row-20 even\">\n\t<td class=\"column-1\">2006<\/td><td class=\"column-2\">22nd<\/td><td class=\"column-3\">15.-17. Sep.<\/td><td class=\"column-4\">Freiburg, Institut f\u00fcr Musikermedizin der Hochschule f\u00fcr Musik<\/td><td class=\"column-5\">Veronika Busch<\/td><td class=\"column-6\">Musik und Emotion<\/td>\n<\/tr>\n<tr class=\"row-21 odd\">\n\t<td class=\"column-1\">2005<\/td><td class=\"column-2\">21st<\/td><td class=\"column-3\">9.-11. Sep.<\/td><td class=\"column-4\">W\u00fcrzburg, Hochschule f\u00fcr Musik<\/td><td class=\"column-5\">Andreas C. Lehmann<\/td><td class=\"column-6\">Musik und Ged\u00e4chtnis<\/td>\n<\/tr>\n<tr class=\"row-22 even\">\n\t<td class=\"column-1\">2004<\/td><td class=\"column-2\">20th<\/td><td class=\"column-3\">3.-5. Sep.<\/td><td class=\"column-4\">Paderburn, Tagungshaus Liborianum<\/td><td class=\"column-5\">Heiner Gembris<\/td><td class=\"column-6\">Musikalisches Lernen in der Schule und anderswo<\/td>\n<\/tr>\n<tr class=\"row-23 odd\">\n\t<td class=\"column-1\">2003<\/td><td class=\"column-2\">19th<\/td><td class=\"column-3\">8.-13. Sep.<\/td><td class=\"column-4\">Hannover, Hochschule f\u00fcr Musik, Theater und Medien<\/td><td class=\"column-5\">Reinhard Kopiez &amp; Andreas C. Lehmann<\/td><td class=\"column-6\">Exp[ear]ience! Music in Science (DGM\/ESCOM)<\/td>\n<\/tr>\n<tr class=\"row-24 even\">\n\t<td class=\"column-1\">2002<\/td><td class=\"column-2\">18th<\/td><td class=\"column-3\">27.-29. Sep.<\/td><td class=\"column-4\">Magdeburg, Studiengang Musiktherapie der Fachhochschule<\/td><td class=\"column-5\">Christoph Louven<\/td><td class=\"column-6\">Stimme und Singen \u2013 Psychologische Aspekte<\/td>\n<\/tr>\n<tr class=\"row-25 odd\">\n\t<td class=\"column-1\">2001<\/td><td class=\"column-2\">17th<\/td><td class=\"column-3\">21.-23. Sep.<\/td><td class=\"column-4\">Hildesheim, Institut f\u00fcr Musik und Musikwissenschaft der Universit\u00e4t<\/td><td class=\"column-5\">Claudia Bullerjahn<\/td><td class=\"column-6\">Musik im Alltag \u2013 Sozialpsychologie der Musik<\/td>\n<\/tr>\n<tr class=\"row-26 even\">\n\t<td class=\"column-1\">2000<\/td><td class=\"column-2\">16th<\/td><td class=\"column-3\">21.-23. Sep.<\/td><td class=\"column-4\">Freiburg, Staatliche Hochschule f\u00fcr Musik<\/td><td class=\"column-5\">Wilfried Gruhn<\/td><td class=\"column-6\">Musikalische Begabung und Expertise<\/td>\n<\/tr>\n<tr class=\"row-27 odd\">\n\t<td class=\"column-1\">1999<\/td><td class=\"column-2\">15th<\/td><td class=\"column-3\">17.-19. Sep.<\/td><td class=\"column-4\">Karlsruhe, Musikhochschule<\/td><td class=\"column-5\">?<\/td><td class=\"column-6\">Musikalische Wahrnehmung und ihr Kontext<\/td>\n<\/tr>\n<tr class=\"row-28 even\">\n\t<td class=\"column-1\">1998<\/td><td class=\"column-2\">14th<\/td><td class=\"column-3\">4.-6. Sep.<\/td><td class=\"column-4\">Dortmund, Universit\u00e4t<\/td><td class=\"column-5\">G\u00fcnther R\u00f6tter<\/td><td class=\"column-6\">Die Musikerpers\u00f6nlichkeit<\/td>\n<\/tr>\n<tr class=\"row-29 odd\">\n\t<td class=\"column-1\">1997<\/td><td class=\"column-2\">13th<\/td><td class=\"column-3\">26.-28. Sep.<\/td><td class=\"column-4\">Rostock, Hochschule f\u00fcr Musik und Theater <\/td><td class=\"column-5\">?<\/td><td class=\"column-6\">Musikpsychologie \u2013 Musikwissenschaft \u2013 Musikp\u00e4dagogik<\/td>\n<\/tr>\n<tr class=\"row-30 even\">\n\t<td class=\"column-1\">1996<\/td><td class=\"column-2\">12th<\/td><td class=\"column-3\">12.-14. Sep.<\/td><td class=\"column-4\">Freiburg, Staatliche Hochschule f\u00fcr Musik<\/td><td class=\"column-5\">Klaus-Ernst Behne<\/td><td class=\"column-6\">Musikrezeption am Ende des Jahrhunderts<\/td>\n<\/tr>\n<tr class=\"row-31 odd\">\n\t<td class=\"column-1\">1995<\/td><td class=\"column-2\">11th<\/td><td class=\"column-3\">15.-17. Sep.<\/td><td class=\"column-4\">Bremen<\/td><td class=\"column-5\">G\u00fcnter Kleinen<\/td><td class=\"column-6\">Ausdruck in der Musik (DGM\/ESCOM)<\/td>\n<\/tr>\n<tr class=\"row-32 even\">\n\t<td class=\"column-1\">1994<\/td><td class=\"column-2\">10th<\/td><td class=\"column-3\">16.-18. Sep.<\/td><td class=\"column-4\">Hannover, Hochschule f\u00fcr Musik und Theater<\/td><td class=\"column-5\">Klaus-Ernst Behne<\/td><td class=\"column-6\">Musikpsychologie zwischen Emotion und Kognition<\/td>\n<\/tr>\n<tr class=\"row-33 odd\">\n\t<td class=\"column-1\">1993<\/td><td class=\"column-2\">9th<\/td><td class=\"column-3\">10.-12. Sep.<\/td><td class=\"column-4\">M\u00fcnster, Senatssaal des Schlosses<\/td><td class=\"column-5\">Heiner Gembris<\/td><td class=\"column-6\">Musikalische Entwicklung in der Lebenszeitperspektive<\/td>\n<\/tr>\n<tr class=\"row-34 even\">\n\t<td class=\"column-1\">1992<\/td><td class=\"column-2\">8th<\/td><td class=\"column-3\">18.-20. Sep.<\/td><td class=\"column-4\">Karlsruhe, Schloss Gottesaue<\/td><td class=\"column-5\">Reinhard Kopiez<\/td><td class=\"column-6\">Musik als Medium &#8211; Musik im Medium<\/td>\n<\/tr>\n<tr class=\"row-35 odd\">\n\t<td class=\"column-1\">1991<\/td><td class=\"column-2\">7th<\/td><td class=\"column-3\">20.-22. Sep.<\/td><td class=\"column-4\">Bremen, Universit\u00e4t <\/td><td class=\"column-5\">G\u00fcnter Kleinen<\/td><td class=\"column-6\">Musikalische Einf\u00fchlung und Kreativit\u00e4t<\/td>\n<\/tr>\n<tr class=\"row-36 even\">\n\t<td class=\"column-1\">1990<\/td><td class=\"column-2\">6th<\/td><td class=\"column-3\">30. Aug.-2. Sep.<\/td><td class=\"column-4\">Schw\u00e4bisch Gm\u00fcnd, Kulturzentrum Prediger<\/td><td class=\"column-5\">?<\/td><td class=\"column-6\">Kulturelle Entwicklung und musikalisches Bewu\u00dftsein<\/td>\n<\/tr>\n<tr class=\"row-37 odd\">\n\t<td class=\"column-1\">1989<\/td><td class=\"column-2\">5th<\/td><td class=\"column-3\">15.-17. Sep.<\/td><td class=\"column-4\">Klingenm\u00fcnster\/Pfalz, Pfalzklinik Landeck\/Klingenm\u00fcnster<\/td><td class=\"column-5\">Reinhard Steinberg<\/td><td class=\"column-6\">Wirkungen von Musik<\/td>\n<\/tr>\n<tr class=\"row-38 even\">\n\t<td class=\"column-1\">1988<\/td><td class=\"column-2\">4th<\/td><td class=\"column-3\">23.-25. Sep.<\/td><td class=\"column-4\">Hannover, Leibnitzhaus<\/td><td class=\"column-5\">Klaus-Ernst Behne<\/td><td class=\"column-6\">Zeitwahrnehmung und musikalischer Rhythmus<\/td>\n<\/tr>\n<tr class=\"row-39 odd\">\n\t<td class=\"column-1\">1987<\/td><td class=\"column-2\">3rd<\/td><td class=\"column-3\"><br \/>\n12.-14. Nov.<\/td><td class=\"column-4\">Hamburg, Congre\u00df-Zentrum<\/td><td class=\"column-5\">?<\/td><td class=\"column-6\">Kognitive Strukturen und \u00e4sthetisches Erleben<\/td>\n<\/tr>\n<tr class=\"row-40 even\">\n\t<td class=\"column-1\">1986<\/td><td class=\"column-2\">2nd<\/td><td class=\"column-3\">16.-18. Mai<\/td><td class=\"column-4\">M\u00fcnchen, Bibliothek der Psychiatrischen Universit\u00e4ts-Klinik<\/td><td class=\"column-5\">Reinhard Steinberg<\/td><td class=\"column-6\">Laufende Forschungen, Standortbestimmung der Musikpsychologie<\/td>\n<\/tr>\n<tr class=\"row-41 odd\">\n\t<td class=\"column-1\">1985<\/td><td class=\"column-2\">1st<\/td><td class=\"column-3\">22.-24. Feb.<\/td><td class=\"column-4\">Hannover<\/td><td class=\"column-5\">Helga de la Motte-Haber<\/td><td class=\"column-6\">Lebenswelt Musik<\/td>\n<\/tr>\n<\/tbody>\n<\/table>\n<!-- #tablepress-3 from cache -->","protected":false},"excerpt":{"rendered":"<p>The conference archive is currently under contruction in the german version of the website and will soon be available there. Since most of the material is available in german language only, the english version of the archive will be reduced to basic information on the conferences without the additional downloads of material.\u00a0 Please switch to &hellip;<\/p>\n<p class=\"read-more\"> <a class=\"\" href=\"https:\/\/musikpsychologie.de\/en\/conference\/archive\/\"> <span class=\"screen-reader-text\">Conference Archive<\/span> Read More &raquo;<\/a><\/p>\n","protected":false},"author":1,"featured_media":0,"parent":33,"menu_order":4,"comment_status":"closed","ping_status":"closed","template":"","meta":{"rank_math_lock_modified_date":false,"site-sidebar-layout":"default","site-content-layout":"","ast-site-content-layout":"default","site-content-style":"default","site-sidebar-style":"default","ast-global-header-display":"","ast-banner-title-visibility":"","ast-main-header-display":"","ast-hfb-above-header-display":"","ast-hfb-below-header-display":"","ast-hfb-mobile-header-display":"","site-post-title":"","ast-breadcrumbs-content":"","ast-featured-img":"","footer-sml-layout":"","theme-transparent-header-meta":"default","adv-header-id-meta":"","stick-header-meta":"","header-above-stick-meta":"","header-main-stick-meta":"","header-below-stick-meta":"","astra-migrate-meta-layouts":"set","footnotes":""},"class_list":["post-41","page","type-page","status-publish","hentry"],"_links":{"self":[{"href":"https:\/\/musikpsychologie.de\/en\/wp-json\/wp\/v2\/pages\/41"}],"collection":[{"href":"https:\/\/musikpsychologie.de\/en\/wp-json\/wp\/v2\/pages"}],"about":[{"href":"https:\/\/musikpsychologie.de\/en\/wp-json\/wp\/v2\/types\/page"}],"author":[{"embeddable":true,"href":"https:\/\/musikpsychologie.de\/en\/wp-json\/wp\/v2\/users\/1"}],"replies":[{"embeddable":true,"href":"https:\/\/musikpsychologie.de\/en\/wp-json\/wp\/v2\/comments?post=41"}],"version-history":[{"count":5,"href":"https:\/\/musikpsychologie.de\/en\/wp-json\/wp\/v2\/pages\/41\/revisions"}],"predecessor-version":[{"id":361,"href":"https:\/\/musikpsychologie.de\/en\/wp-json\/wp\/v2\/pages\/41\/revisions\/361"}],"up":[{"embeddable":true,"href":"https:\/\/musikpsychologie.de\/en\/wp-json\/wp\/v2\/pages\/33"}],"wp:attachment":[{"href":"https:\/\/musikpsychologie.de\/en\/wp-json\/wp\/v2\/media?parent=41"}],"curies":[{"name":"wp","href":"https:\/\/api.w.org\/{rel}","templated":true}]}}