{"id":21,"date":"2023-10-13T15:44:16","date_gmt":"2023-10-13T13:44:16","guid":{"rendered":"https:\/\/musikpsychologie.de\/en\/?page_id=21"},"modified":"2024-03-12T11:03:36","modified_gmt":"2024-03-12T10:03:36","slug":"history","status":"publish","type":"page","link":"https:\/\/musikpsychologie.de\/en\/dgm\/history\/","title":{"rendered":"History"},"content":{"rendered":"\n<h3 class=\"wp-block-heading\" style=\"margin-top:var(--wp--preset--spacing--50);margin-bottom:var(--wp--preset--spacing--50)\">History of the Society<\/h3>\n\n\n\n<pre class=\"wp-block-verse has-text-align-center\" style=\"font-style:italic;font-weight:400\">On 16 August 1983, three non-locals crossed the Weser by ferry near Dedesdorf.\nThey had come from a very important meeting in Wilhelmshaven,\nand now had to decide what their next steps should be.\nFor the few minutes on the ferry they stood silently at the railing, gazes and thoughts directed into the distance,\nwith the feeling that they had hit on something,\nfull of expectation, but not without some worries. Just now the three of them, Helga de\nla Motte-Haber, G\u00fcnter Kleinen and Klaus-Ernst Behne, had, to their own surprise,\nfounded the society whose anniversary we are celebrating here.<\/pre>\n\n\n\n<p class=\"has-text-align-center has-ast-global-color-4-color has-text-color has-small-font-size\" style=\"margin-top:var(--wp--preset--spacing--50);margin-bottom:var(--wp--preset--spacing--50)\">(Translated freely from Klaus-Ernst Behne, Festschrift&nbsp;\u201e25 Jahre Deutsche Gesellschaft f\u00fcr Musikpsychologie 1983-2008\u201c)<\/p>\n\n\n\n<figure class=\"wp-block-image aligncenter size-large is-resized\"><img loading=\"lazy\" decoding=\"async\" width=\"1024\" height=\"734\" src=\"https:\/\/musikpsychologie.de\/en\/wp-content\/uploads\/sites\/2\/2023\/10\/dgm_gruender-1024x734.jpg\" alt=\"\" class=\"wp-image-153\" style=\"width:600px\" srcset=\"https:\/\/musikpsychologie.de\/en\/wp-content\/uploads\/sites\/2\/2023\/10\/dgm_gruender-1024x734.jpg 1024w, https:\/\/musikpsychologie.de\/en\/wp-content\/uploads\/sites\/2\/2023\/10\/dgm_gruender-300x215.jpg 300w, https:\/\/musikpsychologie.de\/en\/wp-content\/uploads\/sites\/2\/2023\/10\/dgm_gruender-768x551.jpg 768w, https:\/\/musikpsychologie.de\/en\/wp-content\/uploads\/sites\/2\/2023\/10\/dgm_gruender-1536x1101.jpg 1536w, https:\/\/musikpsychologie.de\/en\/wp-content\/uploads\/sites\/2\/2023\/10\/dgm_gruender-2048x1468.jpg 2048w\" sizes=\"(max-width: 1024px) 100vw, 1024px\" \/><\/figure>\n\n\n\n<p class=\"has-text-align-center has-ast-global-color-4-color has-text-color has-small-font-size\" style=\"margin-top:var(--wp--preset--spacing--50);margin-bottom:var(--wp--preset--spacing--50)\">(Klaus-Ernst Behne, G\u00fcnter Kleinen and Helga de la Motte-Haber (l.t.r.) at the annual conference in Freiburg 2006, Photo by Andreas C. Lehmann)<\/p>\n\n\n\n<p>In the protocol of 16 August 1983 it was decided to found the German Society for Music Psychology (DGM). Elected to the first board were: Helga de la Motte-Haber ( President), G\u00fcnter Kleinen (Vice-President), Florian Noetzl (Treasurer) and Klaus-Ernst Behne (Secretary). The establishment of the publication (Jahrbuch Musikpsychologie) and the organisation of the first annual conference in 1985 are already recorded in this protocol.<\/p>\n\n\n\n<p>On 9 September 1983, the official founding of the society with nine members was recorded in official documents and forwarded to the District Court of Hannover together with the constitution on 19 October 1983. That date in the official protocol, 9 September 1983, was recorded at the District Court as the official date of foundation of the company.<\/p>\n\n\n\n<figure class=\"wp-block-gallery has-nested-images columns-default is-cropped wp-block-gallery-1 is-layout-flex wp-block-gallery-is-layout-flex\">\n<figure class=\"wp-block-image size-large\"><img loading=\"lazy\" decoding=\"async\" width=\"748\" height=\"1024\" data-id=\"155\" src=\"https:\/\/musikpsychologie.de\/en\/wp-content\/uploads\/sites\/2\/2023\/10\/1983_gruendungsprotokoll-748x1024.jpg\" alt=\"\" class=\"wp-image-155\" srcset=\"https:\/\/musikpsychologie.de\/en\/wp-content\/uploads\/sites\/2\/2023\/10\/1983_gruendungsprotokoll-748x1024.jpg 748w, https:\/\/musikpsychologie.de\/en\/wp-content\/uploads\/sites\/2\/2023\/10\/1983_gruendungsprotokoll-219x300.jpg 219w, https:\/\/musikpsychologie.de\/en\/wp-content\/uploads\/sites\/2\/2023\/10\/1983_gruendungsprotokoll-768x1052.jpg 768w, https:\/\/musikpsychologie.de\/en\/wp-content\/uploads\/sites\/2\/2023\/10\/1983_gruendungsprotokoll-1122x1536.jpg 1122w, https:\/\/musikpsychologie.de\/en\/wp-content\/uploads\/sites\/2\/2023\/10\/1983_gruendungsprotokoll.jpg 1205w\" sizes=\"(max-width: 748px) 100vw, 748px\" \/><figcaption class=\"wp-element-caption\">Inofficial Founding Protocol 1983<\/figcaption><\/figure>\n\n\n\n<figure class=\"wp-block-image size-large\"><img loading=\"lazy\" decoding=\"async\" width=\"708\" height=\"1024\" data-id=\"156\" src=\"https:\/\/musikpsychologie.de\/en\/wp-content\/uploads\/sites\/2\/2023\/10\/1983_gruendungsurkunde-708x1024.jpg\" alt=\"\" class=\"wp-image-156\" srcset=\"https:\/\/musikpsychologie.de\/en\/wp-content\/uploads\/sites\/2\/2023\/10\/1983_gruendungsurkunde-708x1024.jpg 708w, https:\/\/musikpsychologie.de\/en\/wp-content\/uploads\/sites\/2\/2023\/10\/1983_gruendungsurkunde-207x300.jpg 207w, https:\/\/musikpsychologie.de\/en\/wp-content\/uploads\/sites\/2\/2023\/10\/1983_gruendungsurkunde-768x1111.jpg 768w, https:\/\/musikpsychologie.de\/en\/wp-content\/uploads\/sites\/2\/2023\/10\/1983_gruendungsurkunde-1062x1536.jpg 1062w, https:\/\/musikpsychologie.de\/en\/wp-content\/uploads\/sites\/2\/2023\/10\/1983_gruendungsurkunde.jpg 1205w\" sizes=\"(max-width: 708px) 100vw, 708px\" \/><figcaption class=\"wp-element-caption\">Official Registration of the Society 1983<\/figcaption><\/figure>\n<\/figure>\n\n\n\n<p style=\"margin-top:var(--wp--preset--spacing--50);margin-bottom:var(--wp--preset--spacing--50)\">In 2008, the 25-year history of the Society was celebrated and published as a commemorative publication. The print version can be ordered directly from the <a rel=\"noreferrer noopener\" href=\"https:\/\/www.ifmpf.hmtm-hannover.de\/en\/home\/\" target=\"_blank\">Institute for Music Education Research<\/a> (Hanover).<\/p>\n\n\n\n<p>Lehmann, Andreas C. &amp; Kopiez, Reinhard (Eds.) (2008): 25 Jahre Deutsche Gesellschaft f\u00fcr Musikpsychologie: Eine Festschrift im Auftrag der DGM. Hannover: Institut f\u00fcr musikp\u00e4dagogische Forschung. ISBN 3-931852-79-2 \u20ac 8,00<\/p>\n\n\n\n<p>A PDF version of the jubilee publication can be downloaded here (German Version only):<\/p>\n\n\n\n<div class=\"wp-block-buttons is-content-justification-center is-layout-flex wp-container-core-buttons-is-layout-1 wp-block-buttons-is-layout-flex\" style=\"margin-top:var(--wp--preset--spacing--50);margin-bottom:var(--wp--preset--spacing--50)\">\n<div class=\"wp-block-button\"><a class=\"wp-block-button__link wp-element-button\" href=\"https:\/\/musikpsychologie.de\/en\/wp-content\/uploads\/sites\/2\/2023\/10\/2008_festschrift_print.pdf\" target=\"_blank\" rel=\"noreferrer noopener\"><strong>Commemorative Publication (PDF, 11 Mb)<\/strong><\/a><\/div>\n<\/div>\n\n\n\n<figure class=\"wp-block-image aligncenter size-large is-resized\"><img loading=\"lazy\" decoding=\"async\" width=\"1024\" height=\"685\" src=\"https:\/\/musikpsychologie.de\/en\/wp-content\/uploads\/sites\/2\/2023\/10\/2008_foto_001-1024x685.jpg\" alt=\"\" class=\"wp-image-164\" style=\"width:600px\" srcset=\"https:\/\/musikpsychologie.de\/en\/wp-content\/uploads\/sites\/2\/2023\/10\/2008_foto_001-1024x685.jpg 1024w, https:\/\/musikpsychologie.de\/en\/wp-content\/uploads\/sites\/2\/2023\/10\/2008_foto_001-300x201.jpg 300w, https:\/\/musikpsychologie.de\/en\/wp-content\/uploads\/sites\/2\/2023\/10\/2008_foto_001-768x513.jpg 768w, https:\/\/musikpsychologie.de\/en\/wp-content\/uploads\/sites\/2\/2023\/10\/2008_foto_001-1536x1027.jpg 1536w, https:\/\/musikpsychologie.de\/en\/wp-content\/uploads\/sites\/2\/2023\/10\/2008_foto_001-2048x1369.jpg 2048w\" sizes=\"(max-width: 1024px) 100vw, 1024px\" \/><\/figure>\n\n\n\n<p class=\"has-text-align-center has-ast-global-color-4-color has-text-color has-small-font-size\" style=\"margin-top:var(--wp--preset--spacing--50);margin-bottom:var(--wp--preset--spacing--50)\">(DGM President Andreas C. Lehmann handing over the commemorative publication to Klaus-Ernst Behne and Helga de la Motte Haber, Photo DGM)<\/p>\n","protected":false},"excerpt":{"rendered":"<p>History of the Society On 16 August 1983, three non-locals crossed the Weser by ferry near Dedesdorf. They had come from a very important meeting in Wilhelmshaven, and now had to decide what their next steps should be. For the few minutes on the ferry they stood silently at the railing, gazes and thoughts directed &hellip;<\/p>\n<p class=\"read-more\"> <a class=\"\" href=\"https:\/\/musikpsychologie.de\/en\/dgm\/history\/\"> <span class=\"screen-reader-text\">History<\/span> Read More &raquo;<\/a><\/p>\n","protected":false},"author":1,"featured_media":0,"parent":11,"menu_order":5,"comment_status":"closed","ping_status":"closed","template":"","meta":{"rank_math_lock_modified_date":false,"site-sidebar-layout":"default","site-content-layout":"","ast-site-content-layout":"default","site-content-style":"default","site-sidebar-style":"default","ast-global-header-display":"","ast-banner-title-visibility":"","ast-main-header-display":"","ast-hfb-above-header-display":"","ast-hfb-below-header-display":"","ast-hfb-mobile-header-display":"","site-post-title":"disabled","ast-breadcrumbs-content":"","ast-featured-img":"","footer-sml-layout":"","theme-transparent-header-meta":"default","adv-header-id-meta":"","stick-header-meta":"","header-above-stick-meta":"","header-main-stick-meta":"","header-below-stick-meta":"","astra-migrate-meta-layouts":"set","footnotes":""},"class_list":["post-21","page","type-page","status-publish","hentry"],"_links":{"self":[{"href":"https:\/\/musikpsychologie.de\/en\/wp-json\/wp\/v2\/pages\/21"}],"collection":[{"href":"https:\/\/musikpsychologie.de\/en\/wp-json\/wp\/v2\/pages"}],"about":[{"href":"https:\/\/musikpsychologie.de\/en\/wp-json\/wp\/v2\/types\/page"}],"author":[{"embeddable":true,"href":"https:\/\/musikpsychologie.de\/en\/wp-json\/wp\/v2\/users\/1"}],"replies":[{"embeddable":true,"href":"https:\/\/musikpsychologie.de\/en\/wp-json\/wp\/v2\/comments?post=21"}],"version-history":[{"count":8,"href":"https:\/\/musikpsychologie.de\/en\/wp-json\/wp\/v2\/pages\/21\/revisions"}],"predecessor-version":[{"id":351,"href":"https:\/\/musikpsychologie.de\/en\/wp-json\/wp\/v2\/pages\/21\/revisions\/351"}],"up":[{"embeddable":true,"href":"https:\/\/musikpsychologie.de\/en\/wp-json\/wp\/v2\/pages\/11"}],"wp:attachment":[{"href":"https:\/\/musikpsychologie.de\/en\/wp-json\/wp\/v2\/media?parent=21"}],"curies":[{"name":"wp","href":"https:\/\/api.w.org\/{rel}","templated":true}]}}